{"id":30,"date":"2024-05-16T15:33:51","date_gmt":"2024-05-16T13:33:51","guid":{"rendered":"http:\/\/atcholp.cluster030.hosting.ovh.net\/?page_id=30"},"modified":"2025-03-22T19:22:44","modified_gmt":"2025-03-22T18:22:44","slug":"at2000","status":"publish","type":"page","link":"https:\/\/www.at2000cholet.fr\/","title":{"rendered":"Accueil"},"content":{"rendered":"\t\t<div data-elementor-type=\"wp-page\" data-elementor-id=\"30\" class=\"elementor elementor-30\">\n\t\t\t\t<div class=\"elementor-element elementor-element-ad90fc1 e-flex e-con-boxed e-con e-parent\" data-id=\"ad90fc1\" data-element_type=\"container\">\n\t\t\t\t\t<div class=\"e-con-inner\">\n\t\t\t\t\t<\/div>\n\t\t\t\t<\/div>\n\t\t<div class=\"elementor-element elementor-element-f56daff e-flex e-con-boxed e-con e-parent\" data-id=\"f56daff\" data-element_type=\"container\">\n\t\t\t\t\t<div class=\"e-con-inner\">\n\t\t\t\t<div class=\"elementor-element elementor-element-5d57eea elementor-widget elementor-widget-heading\" data-id=\"5d57eea\" data-element_type=\"widget\" data-widget_type=\"heading.default\">\n\t\t\t\t<div class=\"elementor-widget-container\">\n\t\t\t<h2 class=\"elementor-heading-title elementor-size-default\">Suite \u00e0 la publication de l'arr\u00eat\u00e9 n\u00b02025\/973 par la mairie de Cholet, notre club est ferm\u00e9 jusqu'\u00e0 nouvel ordre pour travaux. Nous ne disposons pas d'informations suppl\u00e9mentaires \u00e0 ce stade. Si besoin d'informations, vous pouvez contacter le bureau \u00e0 l'adresse mail : at2000cholet@gmail.com<\/h2>\t\t<\/div>\n\t\t\t\t<\/div>\n\t\t\t\t\t<\/div>\n\t\t\t\t<\/div>\n\t\t<div class=\"elementor-element elementor-element-cb432f9 e-flex e-con-boxed e-con e-parent\" data-id=\"cb432f9\" data-element_type=\"container\">\n\t\t\t\t\t<div class=\"e-con-inner\">\n\t\t\t\t\t<\/div>\n\t\t\t\t<\/div>\n\t\t<div class=\"elementor-element elementor-element-0b7f786 e-flex e-con-boxed e-con e-parent\" data-id=\"0b7f786\" data-element_type=\"container\">\n\t\t\t\t\t<div class=\"e-con-inner\">\n\t\t\t\t<div class=\"elementor-element elementor-element-6c575de elementor-widget elementor-widget-heading\" data-id=\"6c575de\" data-element_type=\"widget\" data-widget_type=\"heading.default\">\n\t\t\t\t<div class=\"elementor-widget-container\">\n\t\t\t<h2 class=\"elementor-heading-title elementor-size-default\">SPORT - LOISIR - CONVIVIALITE - PARTAGE<\/h2>\t\t<\/div>\n\t\t\t\t<\/div>\n\t\t\t\t\t<\/div>\n\t\t\t\t<\/div>\n\t\t<div class=\"elementor-element elementor-element-6e5c221 e-flex e-con-boxed e-con e-parent\" data-id=\"6e5c221\" data-element_type=\"container\">\n\t\t\t\t\t<div class=\"e-con-inner\">\n\t\t<div class=\"elementor-element elementor-element-9a9b039 e-con-full e-flex e-con e-child\" data-id=\"9a9b039\" data-element_type=\"container\">\n\t\t\t\t<\/div>\n\t\t<div class=\"elementor-element elementor-element-3435669 e-con-full e-flex e-con e-child\" data-id=\"3435669\" data-element_type=\"container\">\n\t\t\t\t<\/div>\n\t\t<div class=\"elementor-element elementor-element-677f978 e-con-full e-flex e-con e-child\" data-id=\"677f978\" data-element_type=\"container\">\n\t\t\t\t<div class=\"elementor-element elementor-element-a5ca02c elementor-widget__width-initial elementor-widget elementor-widget-text-editor\" data-id=\"a5ca02c\" data-element_type=\"widget\" data-widget_type=\"text-editor.default\">\n\t\t\t\t<div class=\"elementor-widget-container\">\n\t\t\t\t\t\t\t<div><p><strong>D\u00e9couvrez le Tir Sportif avec l\u2019Acad\u00e9mie de Tir 2000<\/strong><\/p><p>Dans les premiers rangs des sports individuels pratiqu\u00e9s dans le monde, le tir est un sport diff\u00e9rent, un sport en d\u00e9veloppement, un sport qui plait !<\/p><p>Le tir sportif n\u00e9cessite un \u00e9tat d\u2019esprit qui s\u2019acquiert avec l\u2019apprentissage de la concentration, de la ma\u00eetrise de soi et de ses \u00e9motions.<\/p><p>Notre association est un lieu de rencontre, interg\u00e9n\u00e9rationnel, de novices et de passionn\u00e9s des disciplines qui se pratiquent en salle \u00e0 partir de 10 m\u00e8tres ou en plein air de 25 \u00e0 50 m\u00e8tres, au pistolet, \u00e0 la carabine et \u00e0 la poudre noire ou ans nos deux alv\u00e9oles en ext\u00e9rieures pour le Tir Sportif de Vitesse.<\/p><\/div><p>Nous avons \u00e9galement ouvert en 2022, une \u00e9cole de tir pour accueillir et former d\u00e8s 8ans nos futurs jeunes tireurs.<\/p><div><div><p>Si le c\u0153ur vous en dit, pourquoi pas une s\u00e9ance d\u00e9couverte ?<\/p><p>\u00a0<\/p><\/div><p><strong>\u00c9cole de Tir<\/strong><\/p><p>Notre association a \u00e0 c\u0153ur d&rsquo;\u00eatre tourn\u00e9e vers l&rsquo;ensemble des g\u00e9n\u00e9rations. Dans cette optique, nous avons mis en place depuis 2022 une structure pour accueillir nos jeunes tireurs.<\/p><p>D\u00e8s 8ans, il est possible d&rsquo;inscrire votre enfant \u00e0 notre \u00e9cole de tir.<\/p><p>Les cours ont lieu le samedi matin, et sont encadr\u00e9s par un animateur dipl\u00f4m\u00e9 ainsi que par des b\u00e9n\u00e9voles, dans une ambiance conviviale.<\/p><\/div>\t\t\t\t\t\t<\/div>\n\t\t\t\t<\/div>\n\t\t\t\t<\/div>\n\t\t\t\t\t<\/div>\n\t\t\t\t<\/div>\n\t\t<div class=\"elementor-element elementor-element-f93056f e-flex e-con-boxed e-con e-parent\" data-id=\"f93056f\" data-element_type=\"container\">\n\t\t\t\t\t<div class=\"e-con-inner\">\n\t\t<div class=\"elementor-element elementor-element-3a03571 e-con-full e-flex e-con e-child\" data-id=\"3a03571\" data-element_type=\"container\">\n\t\t\t\t<\/div>\n\t\t<div class=\"elementor-element elementor-element-bbdac3a e-con-full e-flex e-con e-child\" data-id=\"bbdac3a\" data-element_type=\"container\">\n\t\t\t\t<\/div>\n\t\t\t\t\t<\/div>\n\t\t\t\t<\/div>\n\t\t<div class=\"elementor-element elementor-element-9559c4e e-flex e-con-boxed e-con e-parent\" data-id=\"9559c4e\" data-element_type=\"container\">\n\t\t\t\t\t<div class=\"e-con-inner\">\n\t\t\t\t<div class=\"elementor-element elementor-element-21336ab elementor-widget elementor-widget-image\" data-id=\"21336ab\" data-element_type=\"widget\" data-widget_type=\"image.default\">\n\t\t\t\t<div class=\"elementor-widget-container\">\n\t\t\t\t\t\t\t\t\t\t\t\t\t<img decoding=\"async\" width=\"300\" height=\"97\" src=\"https:\/\/www.at2000cholet.fr\/wp-content\/uploads\/2024\/06\/Capture-decran-2024-06-24-220718-300x97.png\" class=\"attachment-medium size-medium wp-image-212\" alt=\"\" srcset=\"https:\/\/www.at2000cholet.fr\/wp-content\/uploads\/2024\/06\/Capture-decran-2024-06-24-220718-300x97.png 300w, https:\/\/www.at2000cholet.fr\/wp-content\/uploads\/2024\/06\/Capture-decran-2024-06-24-220718.png 483w\" sizes=\"(max-width: 300px) 100vw, 300px\" \/>\t\t\t\t\t\t\t\t\t\t\t\t\t<\/div>\n\t\t\t\t<\/div>\n\t\t\t\t\t<\/div>\n\t\t\t\t<\/div>\n\t\t<div class=\"elementor-element elementor-element-2c70617 e-flex e-con-boxed e-con e-parent\" data-id=\"2c70617\" data-element_type=\"container\">\n\t\t\t\t\t<div class=\"e-con-inner\">\n\t\t<div class=\"elementor-element elementor-element-c336bf8 e-con-full e-flex e-con e-child\" data-id=\"c336bf8\" data-element_type=\"container\">\n\t\t\t\t<div class=\"elementor-element elementor-element-d2a3e58 elementor-widget elementor-widget-text-editor\" data-id=\"d2a3e58\" data-element_type=\"widget\" data-widget_type=\"text-editor.default\">\n\t\t\t\t<div class=\"elementor-widget-container\">\n\t\t\t\t\t\t\t<h4 class=\"title\">Contact<\/h4><div class=\"et_pb_column et_pb_column_1_4 et_pb_column_1_tb_footer et_pb_css_mix_blend_mode_passthrough\"><div class=\"et_pb_module et_pb_sidebar_0_tb_footer et_pb_widget_area clearfix et_pb_widget_area_left et_pb_text_align_left et_pb_bg_layout_light et_pb_sidebar_no_border\"><div id=\"text-2\" class=\"fwidget et_pb_widget widget_text\"><p>07 65 16 50 06<br \/>Stand de tir municipal de Ribou, 49300 Cholet<br \/><a href=\"mailto:at2000cholet@gmail.com\">at2000cholet@gmail.com<\/a><\/p><\/div><\/div><\/div>\t\t\t\t\t\t<\/div>\n\t\t\t\t<\/div>\n\t\t\t\t<\/div>\n\t\t<div class=\"elementor-element elementor-element-e172ff6 e-con-full e-flex e-con e-child\" data-id=\"e172ff6\" data-element_type=\"container\">\n\t\t\t\t<div class=\"elementor-element elementor-element-c91a853 elementor-widget elementor-widget-text-editor\" data-id=\"c91a853\" data-element_type=\"widget\" data-widget_type=\"text-editor.default\">\n\t\t\t\t<div class=\"elementor-widget-container\">\n\t\t\t\t\t\t\t<h4 class=\"title\">Horaires<\/h4><div class=\"textwidget\"><div class=\"horaires\"><p><strong>Lundi<\/strong><br \/>09:00 \u2013 13:00 \/ 17:00 \u2013 21:00<\/p><p><strong>Jeudi<\/strong><br \/>09:00 \u2013 12:30 \/ 14:00 \u2013 21:00<\/p><p><strong>Samedi<\/strong><br \/>09:00 \u2013 13:00<\/p><p><strong>Dimanche<\/strong><br \/>09:00 \u2013 12:00 (semaine paire) \/ Ferm\u00e9 (semaine impaire)<\/p><p><strong>Mardi, Mercredi, Vendredi<\/strong><br \/>Ferm\u00e9<\/p><\/div><\/div>\t\t\t\t\t\t<\/div>\n\t\t\t\t<\/div>\n\t\t\t\t<\/div>\n\t\t<div class=\"elementor-element elementor-element-5b0482d e-con-full e-flex e-con e-child\" data-id=\"5b0482d\" data-element_type=\"container\">\n\t\t\t\t<div class=\"elementor-element elementor-element-095f02b elementor-widget elementor-widget-text-editor\" data-id=\"095f02b\" data-element_type=\"widget\" data-widget_type=\"text-editor.default\">\n\t\t\t\t<div class=\"elementor-widget-container\">\n\t\t\t\t\t\t\t<h4 class=\"title\">L\u00e9gal<\/h4><div class=\"menu-legal-container\"><p><a href=\"https:\/\/www.at2000cholet.fr\/index.php\/mentions-legales\/\">Mentions l\u00e9gales<\/a><\/p><p><a href=\"https:\/\/www.at2000cholet.fr\/index.php\/politique-de-confidentialite\/\">Politique de confidentialit\u00e9<\/a><\/p><\/div>\t\t\t\t\t\t<\/div>\n\t\t\t\t<\/div>\n\t\t\t\t<\/div>\n\t\t\t\t\t<\/div>\n\t\t\t\t<\/div>\n\t\t<div class=\"elementor-element elementor-element-f22e55d e-flex e-con-boxed e-con e-parent\" data-id=\"f22e55d\" data-element_type=\"container\">\n\t\t\t\t\t<div class=\"e-con-inner\">\n\t\t\t\t<div class=\"elementor-element elementor-element-f1ce8c2 elementor-widget elementor-widget-copyright\" data-id=\"f1ce8c2\" data-element_type=\"widget\" data-settings=\"{&quot;align&quot;:&quot;center&quot;}\" data-widget_type=\"copyright.default\">\n\t\t\t\t<div class=\"elementor-widget-container\">\n\t\t\t\t\t<div class=\"hfe-copyright-wrapper\">\n\t\t\t\t\t\t\t<span>Copyright \u00a9 2026 AT2000<\/span>\n\t\t\t\t\t<\/div>\n\t\t\t\t<\/div>\n\t\t\t\t<\/div>\n\t\t\t\t\t<\/div>\n\t\t\t\t<\/div>\n\t\t<div class=\"elementor-element elementor-element-028c695 e-flex e-con-boxed e-con e-parent\" data-id=\"028c695\" data-element_type=\"container\">\n\t\t\t\t\t<div class=\"e-con-inner\">\n\t\t\t\t<div class=\"elementor-element elementor-element-2858c56 elementor-widget elementor-widget-text-editor\" data-id=\"2858c56\" data-element_type=\"widget\" data-widget_type=\"text-editor.default\">\n\t\t\t\t<div class=\"elementor-widget-container\">\n\t\t\t\t\t\t\t<p>Lorem ipsum dolor sit amet, consectetur adipiscing elit. Ut elit tellus, luctus nec ullamcorper mattis, pulvinar dapibus leo.<\/p>\t\t\t\t\t\t<\/div>\n\t\t\t\t<\/div>\n\t\t\t\t\t<\/div>\n\t\t\t\t<\/div>\n\t\t\t\t<\/div>\n\t\t","protected":false},"excerpt":{"rendered":"<p>Suite \u00e0 la publication de l&rsquo;arr\u00eat\u00e9 n\u00b02025\/973 par la mairie de Cholet, notre club est ferm\u00e9 jusqu&rsquo;\u00e0 nouvel ordre pour travaux. Nous ne disposons pas d&rsquo;informations suppl\u00e9mentaires \u00e0 ce stade. Si besoin d&rsquo;informations, vous pouvez contacter le bureau \u00e0 l&rsquo;adresse mail : at2000cholet@gmail.com SPORT &#8211; LOISIR &#8211; CONVIVIALITE &#8211; PARTAGE D\u00e9couvrez le Tir Sportif avec [&hellip;]<\/p>\n","protected":false},"author":1,"featured_media":0,"parent":0,"menu_order":0,"comment_status":"closed","ping_status":"closed","template":"","meta":{"footnotes":""},"class_list":["post-30","page","type-page","status-publish","hentry"],"yoast_head":"<!-- This site is optimized with the Yoast SEO plugin v23.8 - https:\/\/yoast.com\/wordpress\/plugins\/seo\/ -->\n<title>Club de Tir - AT2000 - Cholet<\/title>\n<meta name=\"description\" content=\"L&#039;association AT2000, est un club de tir bas\u00e9 dans la ville de Cholet. Nous proposons un panel de disciplines autour du Tir Sportif.\" \/>\n<meta name=\"robots\" content=\"index, follow, max-snippet:-1, max-image-preview:large, max-video-preview:-1\" \/>\n<link rel=\"canonical\" href=\"https:\/\/www.at2000cholet.fr\/\" \/>\n<meta property=\"og:locale\" content=\"fr_FR\" \/>\n<meta property=\"og:type\" content=\"article\" \/>\n<meta property=\"og:title\" content=\"Club de Tir - AT2000 - Cholet\" \/>\n<meta property=\"og:description\" content=\"L&#039;association AT2000, est un club de tir bas\u00e9 dans la ville de Cholet. Nous proposons un panel de disciplines autour du Tir Sportif.\" \/>\n<meta property=\"og:url\" content=\"https:\/\/www.at2000cholet.fr\/\" \/>\n<meta property=\"og:site_name\" content=\"AT2000\" \/>\n<meta property=\"article:modified_time\" content=\"2025-03-22T18:22:44+00:00\" \/>\n<meta property=\"og:image\" content=\"https:\/\/www.at2000cholet.fr\/wp-content\/uploads\/2024\/06\/Capture-decran-2024-06-24-220718.png\" \/>\n\t<meta property=\"og:image:width\" content=\"483\" \/>\n\t<meta property=\"og:image:height\" content=\"156\" \/>\n\t<meta property=\"og:image:type\" content=\"image\/png\" \/>\n<meta name=\"twitter:card\" content=\"summary_large_image\" \/>\n<meta name=\"twitter:label1\" content=\"Dur\u00e9e de lecture estim\u00e9e\" \/>\n\t<meta name=\"twitter:data1\" content=\"2 minutes\" \/>\n<script type=\"application\/ld+json\" class=\"yoast-schema-graph\">{\"@context\":\"https:\/\/schema.org\",\"@graph\":[{\"@type\":\"WebPage\",\"@id\":\"https:\/\/www.at2000cholet.fr\/\",\"url\":\"https:\/\/www.at2000cholet.fr\/\",\"name\":\"Club de Tir - AT2000 - Cholet\",\"isPartOf\":{\"@id\":\"https:\/\/www.at2000cholet.fr\/#website\"},\"primaryImageOfPage\":{\"@id\":\"https:\/\/www.at2000cholet.fr\/#primaryimage\"},\"image\":{\"@id\":\"https:\/\/www.at2000cholet.fr\/#primaryimage\"},\"thumbnailUrl\":\"https:\/\/www.at2000cholet.fr\/wp-content\/uploads\/2024\/06\/Capture-decran-2024-06-24-220718-300x97.png\",\"datePublished\":\"2024-05-16T13:33:51+00:00\",\"dateModified\":\"2025-03-22T18:22:44+00:00\",\"description\":\"L'association AT2000, est un club de tir bas\u00e9 dans la ville de Cholet. Nous proposons un panel de disciplines autour du Tir Sportif.\",\"breadcrumb\":{\"@id\":\"https:\/\/www.at2000cholet.fr\/#breadcrumb\"},\"inLanguage\":\"fr-FR\",\"potentialAction\":[{\"@type\":\"ReadAction\",\"target\":[\"https:\/\/www.at2000cholet.fr\/\"]}]},{\"@type\":\"ImageObject\",\"inLanguage\":\"fr-FR\",\"@id\":\"https:\/\/www.at2000cholet.fr\/#primaryimage\",\"url\":\"https:\/\/www.at2000cholet.fr\/wp-content\/uploads\/2024\/06\/Capture-decran-2024-06-24-220718.png\",\"contentUrl\":\"https:\/\/www.at2000cholet.fr\/wp-content\/uploads\/2024\/06\/Capture-decran-2024-06-24-220718.png\",\"width\":483,\"height\":156},{\"@type\":\"BreadcrumbList\",\"@id\":\"https:\/\/www.at2000cholet.fr\/#breadcrumb\",\"itemListElement\":[{\"@type\":\"ListItem\",\"position\":1,\"name\":\"Accueil\",\"item\":\"https:\/\/www.at2000cholet.fr\/\"},{\"@type\":\"ListItem\",\"position\":2,\"name\":\"Accueil\"}]},{\"@type\":\"WebSite\",\"@id\":\"https:\/\/www.at2000cholet.fr\/#website\",\"url\":\"https:\/\/www.at2000cholet.fr\/\",\"name\":\"AT2000\",\"description\":\"Acad\u00e9mie de Tir 2000 Cholet\",\"publisher\":{\"@id\":\"https:\/\/www.at2000cholet.fr\/#organization\"},\"potentialAction\":[{\"@type\":\"SearchAction\",\"target\":{\"@type\":\"EntryPoint\",\"urlTemplate\":\"https:\/\/www.at2000cholet.fr\/?s={search_term_string}\"},\"query-input\":{\"@type\":\"PropertyValueSpecification\",\"valueRequired\":true,\"valueName\":\"search_term_string\"}}],\"inLanguage\":\"fr-FR\"},{\"@type\":\"Organization\",\"@id\":\"https:\/\/www.at2000cholet.fr\/#organization\",\"name\":\"AT2000\",\"url\":\"https:\/\/www.at2000cholet.fr\/\",\"logo\":{\"@type\":\"ImageObject\",\"inLanguage\":\"fr-FR\",\"@id\":\"https:\/\/www.at2000cholet.fr\/#\/schema\/logo\/image\/\",\"url\":\"https:\/\/www.at2000cholet.fr\/wp-content\/uploads\/2024\/05\/Logo-officiel.png\",\"contentUrl\":\"https:\/\/www.at2000cholet.fr\/wp-content\/uploads\/2024\/05\/Logo-officiel.png\",\"width\":511,\"height\":518,\"caption\":\"AT2000\"},\"image\":{\"@id\":\"https:\/\/www.at2000cholet.fr\/#\/schema\/logo\/image\/\"}}]}<\/script>\n<!-- \/ Yoast SEO plugin. -->","yoast_head_json":{"title":"Club de Tir - AT2000 - Cholet","description":"L'association AT2000, est un club de tir bas\u00e9 dans la ville de Cholet. Nous proposons un panel de disciplines autour du Tir Sportif.","robots":{"index":"index","follow":"follow","max-snippet":"max-snippet:-1","max-image-preview":"max-image-preview:large","max-video-preview":"max-video-preview:-1"},"canonical":"https:\/\/www.at2000cholet.fr\/","og_locale":"fr_FR","og_type":"article","og_title":"Club de Tir - AT2000 - Cholet","og_description":"L'association AT2000, est un club de tir bas\u00e9 dans la ville de Cholet. Nous proposons un panel de disciplines autour du Tir Sportif.","og_url":"https:\/\/www.at2000cholet.fr\/","og_site_name":"AT2000","article_modified_time":"2025-03-22T18:22:44+00:00","og_image":[{"width":483,"height":156,"url":"https:\/\/www.at2000cholet.fr\/wp-content\/uploads\/2024\/06\/Capture-decran-2024-06-24-220718.png","type":"image\/png"}],"twitter_card":"summary_large_image","twitter_misc":{"Dur\u00e9e de lecture estim\u00e9e":"2 minutes"},"schema":{"@context":"https:\/\/schema.org","@graph":[{"@type":"WebPage","@id":"https:\/\/www.at2000cholet.fr\/","url":"https:\/\/www.at2000cholet.fr\/","name":"Club de Tir - AT2000 - Cholet","isPartOf":{"@id":"https:\/\/www.at2000cholet.fr\/#website"},"primaryImageOfPage":{"@id":"https:\/\/www.at2000cholet.fr\/#primaryimage"},"image":{"@id":"https:\/\/www.at2000cholet.fr\/#primaryimage"},"thumbnailUrl":"https:\/\/www.at2000cholet.fr\/wp-content\/uploads\/2024\/06\/Capture-decran-2024-06-24-220718-300x97.png","datePublished":"2024-05-16T13:33:51+00:00","dateModified":"2025-03-22T18:22:44+00:00","description":"L'association AT2000, est un club de tir bas\u00e9 dans la ville de Cholet. Nous proposons un panel de disciplines autour du Tir Sportif.","breadcrumb":{"@id":"https:\/\/www.at2000cholet.fr\/#breadcrumb"},"inLanguage":"fr-FR","potentialAction":[{"@type":"ReadAction","target":["https:\/\/www.at2000cholet.fr\/"]}]},{"@type":"ImageObject","inLanguage":"fr-FR","@id":"https:\/\/www.at2000cholet.fr\/#primaryimage","url":"https:\/\/www.at2000cholet.fr\/wp-content\/uploads\/2024\/06\/Capture-decran-2024-06-24-220718.png","contentUrl":"https:\/\/www.at2000cholet.fr\/wp-content\/uploads\/2024\/06\/Capture-decran-2024-06-24-220718.png","width":483,"height":156},{"@type":"BreadcrumbList","@id":"https:\/\/www.at2000cholet.fr\/#breadcrumb","itemListElement":[{"@type":"ListItem","position":1,"name":"Accueil","item":"https:\/\/www.at2000cholet.fr\/"},{"@type":"ListItem","position":2,"name":"Accueil"}]},{"@type":"WebSite","@id":"https:\/\/www.at2000cholet.fr\/#website","url":"https:\/\/www.at2000cholet.fr\/","name":"AT2000","description":"Acad\u00e9mie de Tir 2000 Cholet","publisher":{"@id":"https:\/\/www.at2000cholet.fr\/#organization"},"potentialAction":[{"@type":"SearchAction","target":{"@type":"EntryPoint","urlTemplate":"https:\/\/www.at2000cholet.fr\/?s={search_term_string}"},"query-input":{"@type":"PropertyValueSpecification","valueRequired":true,"valueName":"search_term_string"}}],"inLanguage":"fr-FR"},{"@type":"Organization","@id":"https:\/\/www.at2000cholet.fr\/#organization","name":"AT2000","url":"https:\/\/www.at2000cholet.fr\/","logo":{"@type":"ImageObject","inLanguage":"fr-FR","@id":"https:\/\/www.at2000cholet.fr\/#\/schema\/logo\/image\/","url":"https:\/\/www.at2000cholet.fr\/wp-content\/uploads\/2024\/05\/Logo-officiel.png","contentUrl":"https:\/\/www.at2000cholet.fr\/wp-content\/uploads\/2024\/05\/Logo-officiel.png","width":511,"height":518,"caption":"AT2000"},"image":{"@id":"https:\/\/www.at2000cholet.fr\/#\/schema\/logo\/image\/"}}]}},"_links":{"self":[{"href":"https:\/\/www.at2000cholet.fr\/index.php\/wp-json\/wp\/v2\/pages\/30","targetHints":{"allow":["GET"]}}],"collection":[{"href":"https:\/\/www.at2000cholet.fr\/index.php\/wp-json\/wp\/v2\/pages"}],"about":[{"href":"https:\/\/www.at2000cholet.fr\/index.php\/wp-json\/wp\/v2\/types\/page"}],"author":[{"embeddable":true,"href":"https:\/\/www.at2000cholet.fr\/index.php\/wp-json\/wp\/v2\/users\/1"}],"replies":[{"embeddable":true,"href":"https:\/\/www.at2000cholet.fr\/index.php\/wp-json\/wp\/v2\/comments?post=30"}],"version-history":[{"count":243,"href":"https:\/\/www.at2000cholet.fr\/index.php\/wp-json\/wp\/v2\/pages\/30\/revisions"}],"predecessor-version":[{"id":880,"href":"https:\/\/www.at2000cholet.fr\/index.php\/wp-json\/wp\/v2\/pages\/30\/revisions\/880"}],"wp:attachment":[{"href":"https:\/\/www.at2000cholet.fr\/index.php\/wp-json\/wp\/v2\/media?parent=30"}],"curies":[{"name":"wp","href":"https:\/\/api.w.org\/{rel}","templated":true}]}}