{"id":490,"date":"2024-07-24T23:03:41","date_gmt":"2024-07-24T21:03:41","guid":{"rendered":"https:\/\/atcholp.cluster030.hosting.ovh.net\/?page_id=490"},"modified":"2024-07-25T11:34:07","modified_gmt":"2024-07-25T09:34:07","slug":"mentions-legales","status":"publish","type":"page","link":"https:\/\/www.at2000cholet.fr\/index.php\/mentions-legales\/","title":{"rendered":"Mentions l\u00e9gales"},"content":{"rendered":"\t\t<div data-elementor-type=\"wp-page\" data-elementor-id=\"490\" class=\"elementor elementor-490\">\n\t\t\t\t<div class=\"elementor-element elementor-element-ee315ce e-flex e-con-boxed e-con e-parent\" data-id=\"ee315ce\" data-element_type=\"container\">\n\t\t\t\t\t<div class=\"e-con-inner\">\n\t\t\t\t<div class=\"elementor-element elementor-element-7e83fcb elementor-widget elementor-widget-text-editor\" data-id=\"7e83fcb\" data-element_type=\"widget\" data-widget_type=\"text-editor.default\">\n\t\t\t\t<div class=\"elementor-widget-container\">\n\t\t\t\t\t\t\t<div class=\"et_pb_module et_pb_post_content et_pb_post_content_0_tb_body default-post-content\"><h2>Mentions L\u00e9gales<\/h2><h4 class=\"wp-block-heading\">Qui sommes-nous ?<\/h4><p>L\u2019adresse de notre site web est : <a href=\"https:\/\/www.at2000cholet.fr\">https:\/\/www.at2000cholet.fr<\/a><\/p><p>Ce site est la propri\u00e9t\u00e9 de <strong>Acad\u00e9mie de Tir 2000<\/strong>, association r\u00e9gie par la loi de 1901, affili\u00e9e \u00e0 la F.F.T. et d\u00e9clar\u00e9e \u00e0 la Sous-pr\u00e9fecture de CHOLET sous le n\u00b0 2231 le 21.08.1980.<\/p><h4 class=\"wp-block-heading\">Directeur de publication<\/h4><p>Bertrand Plumet, Pr\u00e9sident.<\/p><h4 class=\"wp-block-heading\">Contact<\/h4><p>Vous pouvez nous contacter directement via notre <a href=\"https:\/\/www.at2000cholet.fr\/index.php\/contact\/\">formulaire de contact<\/a>.<\/p><\/div>\t\t\t\t\t\t<\/div>\n\t\t\t\t<\/div>\n\t\t\t\t\t<\/div>\n\t\t\t\t<\/div>\n\t\t\t\t<\/div>\n\t\t","protected":false},"excerpt":{"rendered":"<p>Mentions L\u00e9gales Qui sommes-nous ? L\u2019adresse de notre site web est : https:\/\/www.at2000cholet.fr Ce site est la propri\u00e9t\u00e9 de Acad\u00e9mie de Tir 2000, association r\u00e9gie par la loi de 1901, affili\u00e9e \u00e0 la F.F.T. et d\u00e9clar\u00e9e \u00e0 la Sous-pr\u00e9fecture de CHOLET sous le n\u00b0 2231 le 21.08.1980. Directeur de publication Bertrand Plumet, Pr\u00e9sident. Contact Vous [&hellip;]<\/p>\n","protected":false},"author":1,"featured_media":0,"parent":0,"menu_order":0,"comment_status":"closed","ping_status":"closed","template":"","meta":{"footnotes":""},"class_list":["post-490","page","type-page","status-publish","hentry"],"yoast_head":"<!-- This site is optimized with the Yoast SEO plugin v23.8 - https:\/\/yoast.com\/wordpress\/plugins\/seo\/ -->\n<title>Mentions l\u00e9gales - AT2000<\/title>\n<meta name=\"robots\" content=\"index, follow, max-snippet:-1, max-image-preview:large, max-video-preview:-1\" \/>\n<link rel=\"canonical\" href=\"https:\/\/www.at2000cholet.fr\/index.php\/mentions-legales\/\" \/>\n<meta property=\"og:locale\" content=\"fr_FR\" \/>\n<meta property=\"og:type\" content=\"article\" \/>\n<meta property=\"og:title\" content=\"Mentions l\u00e9gales - AT2000\" \/>\n<meta property=\"og:description\" content=\"Mentions L\u00e9gales Qui sommes-nous ? L\u2019adresse de notre site web est : https:\/\/www.at2000cholet.fr Ce site est la propri\u00e9t\u00e9 de Acad\u00e9mie de Tir 2000, association r\u00e9gie par la loi de 1901, affili\u00e9e \u00e0 la F.F.T. et d\u00e9clar\u00e9e \u00e0 la Sous-pr\u00e9fecture de CHOLET sous le n\u00b0 2231 le 21.08.1980. Directeur de publication Bertrand Plumet, Pr\u00e9sident. Contact Vous [&hellip;]\" \/>\n<meta property=\"og:url\" content=\"https:\/\/www.at2000cholet.fr\/index.php\/mentions-legales\/\" \/>\n<meta property=\"og:site_name\" content=\"AT2000\" \/>\n<meta property=\"article:modified_time\" content=\"2024-07-25T09:34:07+00:00\" \/>\n<meta name=\"twitter:card\" content=\"summary_large_image\" \/>\n<meta name=\"twitter:label1\" content=\"Dur\u00e9e de lecture estim\u00e9e\" \/>\n\t<meta name=\"twitter:data1\" content=\"1 minute\" \/>\n<script type=\"application\/ld+json\" class=\"yoast-schema-graph\">{\"@context\":\"https:\/\/schema.org\",\"@graph\":[{\"@type\":\"WebPage\",\"@id\":\"https:\/\/www.at2000cholet.fr\/index.php\/mentions-legales\/\",\"url\":\"https:\/\/www.at2000cholet.fr\/index.php\/mentions-legales\/\",\"name\":\"Mentions l\u00e9gales - AT2000\",\"isPartOf\":{\"@id\":\"https:\/\/www.at2000cholet.fr\/#website\"},\"datePublished\":\"2024-07-24T21:03:41+00:00\",\"dateModified\":\"2024-07-25T09:34:07+00:00\",\"breadcrumb\":{\"@id\":\"https:\/\/www.at2000cholet.fr\/index.php\/mentions-legales\/#breadcrumb\"},\"inLanguage\":\"fr-FR\",\"potentialAction\":[{\"@type\":\"ReadAction\",\"target\":[\"https:\/\/www.at2000cholet.fr\/index.php\/mentions-legales\/\"]}]},{\"@type\":\"BreadcrumbList\",\"@id\":\"https:\/\/www.at2000cholet.fr\/index.php\/mentions-legales\/#breadcrumb\",\"itemListElement\":[{\"@type\":\"ListItem\",\"position\":1,\"name\":\"Accueil\",\"item\":\"https:\/\/www.at2000cholet.fr\/\"},{\"@type\":\"ListItem\",\"position\":2,\"name\":\"Mentions l\u00e9gales\"}]},{\"@type\":\"WebSite\",\"@id\":\"https:\/\/www.at2000cholet.fr\/#website\",\"url\":\"https:\/\/www.at2000cholet.fr\/\",\"name\":\"AT2000\",\"description\":\"Acad\u00e9mie de Tir 2000 Cholet\",\"publisher\":{\"@id\":\"https:\/\/www.at2000cholet.fr\/#organization\"},\"potentialAction\":[{\"@type\":\"SearchAction\",\"target\":{\"@type\":\"EntryPoint\",\"urlTemplate\":\"https:\/\/www.at2000cholet.fr\/?s={search_term_string}\"},\"query-input\":{\"@type\":\"PropertyValueSpecification\",\"valueRequired\":true,\"valueName\":\"search_term_string\"}}],\"inLanguage\":\"fr-FR\"},{\"@type\":\"Organization\",\"@id\":\"https:\/\/www.at2000cholet.fr\/#organization\",\"name\":\"AT2000\",\"url\":\"https:\/\/www.at2000cholet.fr\/\",\"logo\":{\"@type\":\"ImageObject\",\"inLanguage\":\"fr-FR\",\"@id\":\"https:\/\/www.at2000cholet.fr\/#\/schema\/logo\/image\/\",\"url\":\"https:\/\/www.at2000cholet.fr\/wp-content\/uploads\/2024\/05\/Logo-officiel.png\",\"contentUrl\":\"https:\/\/www.at2000cholet.fr\/wp-content\/uploads\/2024\/05\/Logo-officiel.png\",\"width\":511,\"height\":518,\"caption\":\"AT2000\"},\"image\":{\"@id\":\"https:\/\/www.at2000cholet.fr\/#\/schema\/logo\/image\/\"}}]}<\/script>\n<!-- \/ Yoast SEO plugin. -->","yoast_head_json":{"title":"Mentions l\u00e9gales - AT2000","robots":{"index":"index","follow":"follow","max-snippet":"max-snippet:-1","max-image-preview":"max-image-preview:large","max-video-preview":"max-video-preview:-1"},"canonical":"https:\/\/www.at2000cholet.fr\/index.php\/mentions-legales\/","og_locale":"fr_FR","og_type":"article","og_title":"Mentions l\u00e9gales - AT2000","og_description":"Mentions L\u00e9gales Qui sommes-nous ? L\u2019adresse de notre site web est : https:\/\/www.at2000cholet.fr Ce site est la propri\u00e9t\u00e9 de Acad\u00e9mie de Tir 2000, association r\u00e9gie par la loi de 1901, affili\u00e9e \u00e0 la F.F.T. et d\u00e9clar\u00e9e \u00e0 la Sous-pr\u00e9fecture de CHOLET sous le n\u00b0 2231 le 21.08.1980. Directeur de publication Bertrand Plumet, Pr\u00e9sident. Contact Vous [&hellip;]","og_url":"https:\/\/www.at2000cholet.fr\/index.php\/mentions-legales\/","og_site_name":"AT2000","article_modified_time":"2024-07-25T09:34:07+00:00","twitter_card":"summary_large_image","twitter_misc":{"Dur\u00e9e de lecture estim\u00e9e":"1 minute"},"schema":{"@context":"https:\/\/schema.org","@graph":[{"@type":"WebPage","@id":"https:\/\/www.at2000cholet.fr\/index.php\/mentions-legales\/","url":"https:\/\/www.at2000cholet.fr\/index.php\/mentions-legales\/","name":"Mentions l\u00e9gales - AT2000","isPartOf":{"@id":"https:\/\/www.at2000cholet.fr\/#website"},"datePublished":"2024-07-24T21:03:41+00:00","dateModified":"2024-07-25T09:34:07+00:00","breadcrumb":{"@id":"https:\/\/www.at2000cholet.fr\/index.php\/mentions-legales\/#breadcrumb"},"inLanguage":"fr-FR","potentialAction":[{"@type":"ReadAction","target":["https:\/\/www.at2000cholet.fr\/index.php\/mentions-legales\/"]}]},{"@type":"BreadcrumbList","@id":"https:\/\/www.at2000cholet.fr\/index.php\/mentions-legales\/#breadcrumb","itemListElement":[{"@type":"ListItem","position":1,"name":"Accueil","item":"https:\/\/www.at2000cholet.fr\/"},{"@type":"ListItem","position":2,"name":"Mentions l\u00e9gales"}]},{"@type":"WebSite","@id":"https:\/\/www.at2000cholet.fr\/#website","url":"https:\/\/www.at2000cholet.fr\/","name":"AT2000","description":"Acad\u00e9mie de Tir 2000 Cholet","publisher":{"@id":"https:\/\/www.at2000cholet.fr\/#organization"},"potentialAction":[{"@type":"SearchAction","target":{"@type":"EntryPoint","urlTemplate":"https:\/\/www.at2000cholet.fr\/?s={search_term_string}"},"query-input":{"@type":"PropertyValueSpecification","valueRequired":true,"valueName":"search_term_string"}}],"inLanguage":"fr-FR"},{"@type":"Organization","@id":"https:\/\/www.at2000cholet.fr\/#organization","name":"AT2000","url":"https:\/\/www.at2000cholet.fr\/","logo":{"@type":"ImageObject","inLanguage":"fr-FR","@id":"https:\/\/www.at2000cholet.fr\/#\/schema\/logo\/image\/","url":"https:\/\/www.at2000cholet.fr\/wp-content\/uploads\/2024\/05\/Logo-officiel.png","contentUrl":"https:\/\/www.at2000cholet.fr\/wp-content\/uploads\/2024\/05\/Logo-officiel.png","width":511,"height":518,"caption":"AT2000"},"image":{"@id":"https:\/\/www.at2000cholet.fr\/#\/schema\/logo\/image\/"}}]}},"_links":{"self":[{"href":"https:\/\/www.at2000cholet.fr\/index.php\/wp-json\/wp\/v2\/pages\/490","targetHints":{"allow":["GET"]}}],"collection":[{"href":"https:\/\/www.at2000cholet.fr\/index.php\/wp-json\/wp\/v2\/pages"}],"about":[{"href":"https:\/\/www.at2000cholet.fr\/index.php\/wp-json\/wp\/v2\/types\/page"}],"author":[{"embeddable":true,"href":"https:\/\/www.at2000cholet.fr\/index.php\/wp-json\/wp\/v2\/users\/1"}],"replies":[{"embeddable":true,"href":"https:\/\/www.at2000cholet.fr\/index.php\/wp-json\/wp\/v2\/comments?post=490"}],"version-history":[{"count":16,"href":"https:\/\/www.at2000cholet.fr\/index.php\/wp-json\/wp\/v2\/pages\/490\/revisions"}],"predecessor-version":[{"id":603,"href":"https:\/\/www.at2000cholet.fr\/index.php\/wp-json\/wp\/v2\/pages\/490\/revisions\/603"}],"wp:attachment":[{"href":"https:\/\/www.at2000cholet.fr\/index.php\/wp-json\/wp\/v2\/media?parent=490"}],"curies":[{"name":"wp","href":"https:\/\/api.w.org\/{rel}","templated":true}]}}